{"id":695,"date":"2022-11-03T12:23:44","date_gmt":"2022-11-03T11:23:44","guid":{"rendered":"https:\/\/aurelienberoud.com\/?page_id=695"},"modified":"2023-08-28T16:36:08","modified_gmt":"2023-08-28T14:36:08","slug":"services-editoriaux","status":"publish","type":"page","link":"https:\/\/aurelienberoud.com\/index.php\/services-editoriaux\/","title":{"rendered":""},"content":{"rendered":"\n<div class=\"wp-block-group alignfull\"><div class=\"wp-block-group__inner-container is-layout-constrained wp-block-group-is-layout-constrained\">\n<div id=\"services-editoriaux\" class=\"wp-block-themeisle-blocks-advanced-columns alignwide has-1-columns has-desktop-equal-layout has-tablet-equal-layout has-mobile-equal-layout has-vertical-top ticss-44db9efa\"><div class=\"wp-block-themeisle-blocks-advanced-columns-overlay\"><\/div><div class=\"innerblocks-wrap\">\n<div id=\"wp-block-themeisle-blocks-advanced-column-5279f922\" class=\"wp-block-themeisle-blocks-advanced-column\">\n<h1 class=\"wp-block-heading alignfull has-text-align-center o-typing-delay-100ms has-text-color\" style=\"color:#0c3aacc9;font-size:50px\"><strong><o-anim-typing>Les services \u00e9ditoriaux<\/o-anim-typing><\/strong><\/h1>\n\n\n\n<div style=\"height:20px\" aria-hidden=\"true\" class=\"wp-block-spacer\"><\/div>\n\n\n\n<p style=\"font-size:15px\">Les  services propos\u00e9s sont pens\u00e9s afin de vous <strong>faciliter<\/strong> la t\u00e2che dans chacune des <strong>\u00e9tapes du processus \u00e9ditorial<\/strong>. Ils sont sur-mesure et adapt\u00e9s \u00e0 vos besoins et <\/p>\n\n\n\n<p style=\"font-size:15px\"><mark style=\"background-color:rgba(0, 0, 0, 0);color:#0c3aac\" class=\"has-inline-color\">\u279c<\/mark> Besoin de mettre au point la <strong>charte orthotypographique<\/strong> et\/ou la \u00ab marche maison \u00bb en vue d\u2019une correction de votre manuscrit ?<br><br><mark style=\"background-color:rgba(0, 0, 0, 0);color:#0c3aac\" class=\"has-inline-color\">\u279c<\/mark> Besoin d&rsquo;aide dans la <strong>r\u00e9daction d&rsquo;article<\/strong> ? <br><br><mark style=\"background-color:rgba(0, 0, 0, 0);color:#0c3aac\" class=\"has-inline-color\">\u279c<\/mark> Besoin de mettre en page votre roman ou vos nouvelles car vous d\u00e9sirez les proposer en <strong>format num\u00e9rique<\/strong> ? <br><br><mark style=\"background-color:rgba(0, 0, 0, 0);color:#0c3aac\" class=\"has-inline-color\">\u279c<\/mark> Besoin de faire la mise en page de textes et de proc\u00e9der une \u00e0<strong> v\u00e9rification de la structure<\/strong> ?<br><br><mark style=\"background-color:rgba(0, 0, 0, 0);color:#0c3aac\" class=\"has-inline-color\">\u279c<\/mark> Autre demande ? Posez-votre question !<br><\/p>\n\n\n\n<div style=\"height:20px\" aria-hidden=\"true\" class=\"wp-block-spacer\"><\/div>\n\n\n\n<h1 class=\"wp-block-heading alignfull has-text-align-left has-text-color\" style=\"color:#0c3aacc9;font-size:22px\"><strong>TARIFS<\/strong><\/h1>\n\n\n\n<p style=\"font-size:15px\">Devis sur demande<\/p>\n<\/div>\n<\/div><\/div>\n<\/div><\/div>\n","protected":false},"excerpt":{"rendered":"","protected":false},"author":1,"featured_media":0,"parent":0,"menu_order":0,"comment_status":"closed","ping_status":"closed","template":"","meta":{"_themeisle_gutenberg_block_has_review":false,"footnotes":""},"class_list":["post-695","page","type-page","status-publish","hentry"],"_links":{"self":[{"href":"https:\/\/aurelienberoud.com\/index.php\/wp-json\/wp\/v2\/pages\/695","targetHints":{"allow":["GET"]}}],"collection":[{"href":"https:\/\/aurelienberoud.com\/index.php\/wp-json\/wp\/v2\/pages"}],"about":[{"href":"https:\/\/aurelienberoud.com\/index.php\/wp-json\/wp\/v2\/types\/page"}],"author":[{"embeddable":true,"href":"https:\/\/aurelienberoud.com\/index.php\/wp-json\/wp\/v2\/users\/1"}],"replies":[{"embeddable":true,"href":"https:\/\/aurelienberoud.com\/index.php\/wp-json\/wp\/v2\/comments?post=695"}],"version-history":[{"count":277,"href":"https:\/\/aurelienberoud.com\/index.php\/wp-json\/wp\/v2\/pages\/695\/revisions"}],"predecessor-version":[{"id":2418,"href":"https:\/\/aurelienberoud.com\/index.php\/wp-json\/wp\/v2\/pages\/695\/revisions\/2418"}],"wp:attachment":[{"href":"https:\/\/aurelienberoud.com\/index.php\/wp-json\/wp\/v2\/media?parent=695"}],"curies":[{"name":"wp","href":"https:\/\/api.w.org\/{rel}","templated":true}]}}