{"id":1855,"date":"2023-07-10T17:23:49","date_gmt":"2023-07-10T15:23:49","guid":{"rendered":"https:\/\/aurelienberoud.com\/?page_id=1855"},"modified":"2025-01-27T15:58:07","modified_gmt":"2025-01-27T14:58:07","slug":"mes-services","status":"publish","type":"page","link":"https:\/\/aurelienberoud.com\/index.php\/mes-services\/","title":{"rendered":""},"content":{"rendered":"\n<div class=\"wp-block-group alignfull\" id=\"mes-services\"><div class=\"wp-block-group__inner-container is-layout-constrained wp-block-group-is-layout-constrained\">\n<div id=\"wp-block-themeisle-blocks-advanced-columns-b01c033c\" class=\"wp-block-themeisle-blocks-advanced-columns alignwide has-1-columns has-desktop-equal-layout has-tablet-equal-layout has-mobile-equal-layout has-vertical-unset\"><div class=\"wp-block-themeisle-blocks-advanced-columns-overlay\"><\/div><div class=\"innerblocks-wrap\">\n<div id=\"wp-block-themeisle-blocks-advanced-column-e1240ac0\" class=\"wp-block-themeisle-blocks-advanced-column\">\n<div class=\"wp-block-columns alignfull are-vertically-aligned-center is-layout-flex wp-container-core-columns-is-layout-9d6595d7 wp-block-columns-is-layout-flex\">\n<div class=\"wp-block-column is-vertically-aligned-center is-layout-flow wp-block-column-is-layout-flow\">\n<div class=\"wp-block-cover aligncenter is-light wp-duotone-unset-1\" style=\"min-height:500px;aspect-ratio:unset;\"><span aria-hidden=\"true\" class=\"wp-block-cover__background has-background-dim\"><\/span><img loading=\"lazy\" decoding=\"async\" width=\"1024\" height=\"683\" class=\"wp-block-cover__image-background wp-image-1732\" alt=\"\" src=\"https:\/\/aurelienberoud.com\/wp-content\/uploads\/2023\/07\/desk-ge288b05f9_1920-1024x683.jpg\" data-object-fit=\"cover\" srcset=\"https:\/\/aurelienberoud.com\/wp-content\/uploads\/2023\/07\/desk-ge288b05f9_1920-1024x683.jpg 1024w, https:\/\/aurelienberoud.com\/wp-content\/uploads\/2023\/07\/desk-ge288b05f9_1920-300x200.jpg 300w, https:\/\/aurelienberoud.com\/wp-content\/uploads\/2023\/07\/desk-ge288b05f9_1920-768x512.jpg 768w, https:\/\/aurelienberoud.com\/wp-content\/uploads\/2023\/07\/desk-ge288b05f9_1920-1536x1024.jpg 1536w, https:\/\/aurelienberoud.com\/wp-content\/uploads\/2023\/07\/desk-ge288b05f9_1920.jpg 1920w\" sizes=\"auto, (max-width: 1024px) 100vw, 1024px\" \/><div class=\"wp-block-cover__inner-container is-layout-flow wp-block-cover-is-layout-flow\">\n<h3 class=\"wp-block-heading has-text-align-center has-white-color has-text-color\"><strong>Pr\u00e9paration de copie<\/strong><\/h3>\n\n\n\n<p><\/p>\n\n\n\n<p class=\"has-text-align-center ticss-3d4d389c has-white-color has-text-color\" style=\"font-size:15px\">Correction, r\u00e9\u00e9criture, uniformisation, v\u00e9rification des informations et des noms propres.<br>Propositions de modifications et de reformulations, r\u00e9arrangement du d\u00e9roul\u00e9 du texte, suppression des redondances et questions aux auteurs pour pr\u00e9cisions et compl\u00e9ments.<\/p>\n\n\n\n<h5 id=\"wp-block-themeisle-blocks-advanced-heading-d827f620\" class=\"wp-block-themeisle-blocks-advanced-heading wp-block-themeisle-blocks-advanced-heading-d827f620\"> <strong><a href=\"https:\/\/aurelienberoud.com\/index.php\/preparation-de-copie\/#pr\u00e9paration-de-copie\" data-type=\"URL\" target=\"_blank\" rel=\"noreferrer noopener\">en savoir plus<\/a><\/strong><\/h5>\n<\/div><\/div>\n<\/div>\n\n\n\n<div class=\"wp-block-column is-vertically-aligned-center is-layout-flow wp-block-column-is-layout-flow\">\n<div class=\"wp-block-cover aligncenter is-light wp-duotone-unset-2\" style=\"min-height:500px;aspect-ratio:unset;\"><span aria-hidden=\"true\" class=\"wp-block-cover__background has-background-dim\"><\/span><img loading=\"lazy\" decoding=\"async\" width=\"1024\" height=\"683\" class=\"wp-block-cover__image-background wp-image-1740\" alt=\"\" src=\"https:\/\/aurelienberoud.com\/wp-content\/uploads\/2023\/07\/01-1024x683.png\" style=\"object-position:57% 58%\" data-object-fit=\"cover\" data-object-position=\"57% 58%\" srcset=\"https:\/\/aurelienberoud.com\/wp-content\/uploads\/2023\/07\/01-1024x683.png 1024w, https:\/\/aurelienberoud.com\/wp-content\/uploads\/2023\/07\/01-300x200.png 300w, https:\/\/aurelienberoud.com\/wp-content\/uploads\/2023\/07\/01-768x512.png 768w, https:\/\/aurelienberoud.com\/wp-content\/uploads\/2023\/07\/01-1536x1024.png 1536w, https:\/\/aurelienberoud.com\/wp-content\/uploads\/2023\/07\/01.png 1920w\" sizes=\"auto, (max-width: 1024px) 100vw, 1024px\" \/><div class=\"wp-block-cover__inner-container is-layout-flow wp-block-cover-is-layout-flow\">\n<h3 class=\"wp-block-heading has-text-align-center has-white-color has-text-color\" style=\"font-style:normal;font-weight:700\"><strong>Correction d&rsquo;\u00e9preuves<\/strong><\/h3>\n\n\n\n<p><\/p>\n\n\n\n<p class=\"has-text-align-center has-white-color has-text-color\" style=\"font-size:15px\">Correction d&rsquo;\u00e9crits pour l&rsquo;\u00e9dition, la presse, les entreprises les institutions, le web et les particuliers sur tout type de texte et de support.<br> Possible coup d&rsquo;\u0153il aux maquettes pour rep\u00e9rer les irr\u00e9gularit\u00e9s graphiques (espacement, fonts, c\u00e9sures, etc.).<\/p>\n\n\n\n<h5 id=\"wp-block-themeisle-blocks-advanced-heading-a844a268\" class=\"wp-block-themeisle-blocks-advanced-heading wp-block-themeisle-blocks-advanced-heading-a844a268\"><a href=\"https:\/\/aurelienberoud.com\/index.php\/relecture-et-correction\/\" data-type=\"URL\" target=\"_blank\" rel=\"noreferrer noopener\"><strong>En savoir plus<\/strong><\/a><\/h5>\n<\/div><\/div>\n<\/div>\n\n\n\n<div class=\"wp-block-column is-vertically-aligned-center is-layout-flow wp-block-column-is-layout-flow\">\n<div class=\"wp-block-cover aligncenter wp-duotone-unset-3\" style=\"min-height:500px;aspect-ratio:unset;\"><span aria-hidden=\"true\" class=\"wp-block-cover__background has-black-background-color has-background-dim-60 has-background-dim\"><\/span><img loading=\"lazy\" decoding=\"async\" width=\"1024\" height=\"683\" class=\"wp-block-cover__image-background wp-image-1751\" alt=\"\" src=\"https:\/\/aurelienberoud.com\/wp-content\/uploads\/2023\/07\/pexels-leah-kelley-952594-1024x683.jpg\" style=\"object-position:73% 65%\" data-object-fit=\"cover\" data-object-position=\"73% 65%\" srcset=\"https:\/\/aurelienberoud.com\/wp-content\/uploads\/2023\/07\/pexels-leah-kelley-952594-1024x683.jpg 1024w, https:\/\/aurelienberoud.com\/wp-content\/uploads\/2023\/07\/pexels-leah-kelley-952594-300x200.jpg 300w, https:\/\/aurelienberoud.com\/wp-content\/uploads\/2023\/07\/pexels-leah-kelley-952594-768x512.jpg 768w, https:\/\/aurelienberoud.com\/wp-content\/uploads\/2023\/07\/pexels-leah-kelley-952594-1536x1024.jpg 1536w, https:\/\/aurelienberoud.com\/wp-content\/uploads\/2023\/07\/pexels-leah-kelley-952594-2048x1365.jpg 2048w\" sizes=\"auto, (max-width: 1024px) 100vw, 1024px\" \/><div class=\"wp-block-cover__inner-container is-layout-flow wp-block-cover-is-layout-flow\">\n<h3 class=\"wp-block-heading has-text-align-center has-white-color has-text-color\"><strong>Expertise litt\u00e9raire <\/strong><\/h3>\n\n\n\n<p><\/p>\n\n\n\n<p class=\"has-text-align-center has-white-color has-text-color\" style=\"font-size:15px\">Lecture attentive et analytique de vos romans, nouvelles et autres textes litt\u00e9raires afin de dresser un bilan, \u00e0 la fois de ce qui fait la force de votre \u00e9criture mais \u00e9galement des points \u00e0 am\u00e9liorer afin de dynamiser davantage votre texte.<br><br><br><\/p>\n\n\n\n<h5 id=\"wp-block-themeisle-blocks-advanced-heading-b5b40b2b\" class=\"wp-block-themeisle-blocks-advanced-heading wp-block-themeisle-blocks-advanced-heading-b5b40b2b\"><a href=\"https:\/\/aurelienberoud.com\/index.php\/expertise-litteraire\/\" data-type=\"URL\" target=\"_blank\" rel=\"noreferrer noopener\"><strong>En savoir plus<\/strong><\/a><\/h5>\n<\/div><\/div>\n<\/div>\n\n\n\n<div class=\"wp-block-column is-vertically-aligned-center is-layout-flow wp-block-column-is-layout-flow\">\n<div class=\"wp-block-cover aligncenter is-light wp-duotone-unset-4\" style=\"min-height:500px;aspect-ratio:unset;\"><span aria-hidden=\"true\" class=\"wp-block-cover__background has-background-dim\"><\/span><img loading=\"lazy\" decoding=\"async\" width=\"1024\" height=\"681\" class=\"wp-block-cover__image-background wp-image-1741\" alt=\"\" src=\"https:\/\/aurelienberoud.com\/wp-content\/uploads\/2023\/07\/book-gcae4562ff_1280-1024x681.jpg\" style=\"object-position:52% 48%\" data-object-fit=\"cover\" data-object-position=\"52% 48%\" srcset=\"https:\/\/aurelienberoud.com\/wp-content\/uploads\/2023\/07\/book-gcae4562ff_1280-1024x681.jpg 1024w, https:\/\/aurelienberoud.com\/wp-content\/uploads\/2023\/07\/book-gcae4562ff_1280-300x199.jpg 300w, https:\/\/aurelienberoud.com\/wp-content\/uploads\/2023\/07\/book-gcae4562ff_1280-768x511.jpg 768w, https:\/\/aurelienberoud.com\/wp-content\/uploads\/2023\/07\/book-gcae4562ff_1280.jpg 1280w\" sizes=\"auto, (max-width: 1024px) 100vw, 1024px\" \/><div class=\"wp-block-cover__inner-container is-layout-flow wp-block-cover-is-layout-flow\">\n<h3 class=\"wp-block-heading has-text-align-center has-white-color has-text-color\"><strong>Services \u00e9ditoriaux <\/strong><\/h3>\n\n\n\n<p><\/p>\n\n\n\n<p class=\"has-text-align-center has-white-color has-text-color\" style=\"font-size:15px\">&gt; Mise au point de la charte orthotypographique et\/ou d&rsquo;une \u00ab&nbsp;marche maison&nbsp;\u00bb en vue d&rsquo;une correction. <br>&gt; Mise en page de textes et v\u00e9rification de la structure.<br>&gt; Aide \u00e0 la r\u00e9daction.<br><br><br><\/p>\n\n\n\n<h5 id=\"wp-block-themeisle-blocks-advanced-heading-d1f34769\" class=\"wp-block-themeisle-blocks-advanced-heading wp-block-themeisle-blocks-advanced-heading-d1f34769\"><a href=\"https:\/\/aurelienberoud.com\/index.php\/services-editoriaux\/\" data-type=\"URL\" target=\"_blank\" rel=\"noreferrer noopener\"><strong>En savoir plus<\/strong><\/a><\/h5>\n<\/div><\/div>\n<\/div>\n<\/div>\n<\/div>\n<\/div><\/div>\n<\/div><\/div>\n","protected":false},"excerpt":{"rendered":"","protected":false},"author":1,"featured_media":0,"parent":0,"menu_order":0,"comment_status":"closed","ping_status":"closed","template":"","meta":{"_themeisle_gutenberg_block_has_review":false,"footnotes":""},"class_list":["post-1855","page","type-page","status-publish","hentry"],"_links":{"self":[{"href":"https:\/\/aurelienberoud.com\/index.php\/wp-json\/wp\/v2\/pages\/1855","targetHints":{"allow":["GET"]}}],"collection":[{"href":"https:\/\/aurelienberoud.com\/index.php\/wp-json\/wp\/v2\/pages"}],"about":[{"href":"https:\/\/aurelienberoud.com\/index.php\/wp-json\/wp\/v2\/types\/page"}],"author":[{"embeddable":true,"href":"https:\/\/aurelienberoud.com\/index.php\/wp-json\/wp\/v2\/users\/1"}],"replies":[{"embeddable":true,"href":"https:\/\/aurelienberoud.com\/index.php\/wp-json\/wp\/v2\/comments?post=1855"}],"version-history":[{"count":77,"href":"https:\/\/aurelienberoud.com\/index.php\/wp-json\/wp\/v2\/pages\/1855\/revisions"}],"predecessor-version":[{"id":2599,"href":"https:\/\/aurelienberoud.com\/index.php\/wp-json\/wp\/v2\/pages\/1855\/revisions\/2599"}],"wp:attachment":[{"href":"https:\/\/aurelienberoud.com\/index.php\/wp-json\/wp\/v2\/media?parent=1855"}],"curies":[{"name":"wp","href":"https:\/\/api.w.org\/{rel}","templated":true}]}}