{"id":1828,"date":"2023-07-10T16:59:31","date_gmt":"2023-07-10T14:59:31","guid":{"rendered":"https:\/\/aurelienberoud.com\/?page_id=1828"},"modified":"2024-06-14T19:47:48","modified_gmt":"2024-06-14T17:47:48","slug":"a-propos-de-moi","status":"publish","type":"page","link":"https:\/\/aurelienberoud.com\/index.php\/a-propos-de-moi\/","title":{"rendered":""},"content":{"rendered":"\n<div class=\"wp-block-group alignfull\"><div class=\"wp-block-group__inner-container is-layout-flow wp-block-group-is-layout-flow\">\n<div id=\"\u00e0-propos-de-moi\" class=\"wp-block-themeisle-blocks-advanced-columns has-1-columns has-desktop-equal-layout has-tablet-equal-layout has-mobile-equal-layout has-vertical-unset\"><div class=\"wp-block-themeisle-blocks-advanced-columns-overlay\"><\/div><div class=\"innerblocks-wrap\">\n<div id=\"wp-block-themeisle-blocks-advanced-column-3c1778e6\" class=\"wp-block-themeisle-blocks-advanced-column\">\n<div class=\"wp-block-columns is-layout-flex wp-container-core-columns-is-layout-9d6595d7 wp-block-columns-is-layout-flex\">\n<div class=\"wp-block-column is-layout-flow wp-block-column-is-layout-flow\">\n<h1 class=\"wp-block-heading has-neve-link-hover-color-color has-text-color\" style=\"font-size:30px\">Qui ?<\/h1>\n\n\n\n<p style=\"font-size:15px\">Je m&rsquo;appelle Aur\u00e9lien et je suis un jeune professeur d&rsquo;italien depuis 2016. Je transmets avec force et conviction ma passion pour l&rsquo;Italie et pour les mots. Les miens, mais surtout ceux des autres.<br><br>\u00c0 demi-mot, \u00e0 mots couverts, en un mot ou en jouant sur les mots, tous ont leur importance. Et \u00e7a je l&rsquo;ai bien compris. Apr\u00e8s tout, le but n&rsquo;est-il pas d&rsquo;avoir le fin mot de l&rsquo;histoire ?<br><br>Qu&rsquo;il serve \u00e0 faire vibrer ou \u00e0 transmettre une information, un texte a mille fa\u00e7ons d&rsquo;\u00e9mouvoir et de toucher le lecteur. Cette r\u00e9alit\u00e9 me sert de leitmotiv afin d&rsquo;accompagner au mieux les auteurs et autrices qui me font confiance et surtout afin de sublimer les textes qui me sont confi\u00e9s.<\/p>\n<\/div>\n\n\n\n<div class=\"wp-block-column ticss-72a4c668 is-layout-flow wp-block-column-is-layout-flow\">\n<h1 class=\"wp-block-heading has-neve-link-hover-color-color has-text-color\" style=\"font-size:30px\">Pourquoi ?<\/h1>\n\n\n\n<p style=\"font-size:15px\">Fort de mon exp\u00e9rience dans l&rsquo;enseignement l&rsquo;\u00e9change, la p\u00e9dagogie, la bienveillance et l\u2019\u00e9coute font partie de mon quotidien. Mais au fil des ann\u00e9es, le besoin d&rsquo;\u00eatre utile aux autres dans ma propre langue s&rsquo;est fait entendre et c\u2019est alors que devenir lecteur-correcteur, s\u2019est impos\u00e9 \u00e0 moi.<br><br>Pour cela, je me suis form\u00e9 aupr\u00e8s de l\u2019\u00c9cole Fran\u00e7aise de Lecteur-Correcteur (<a href=\"https:\/\/eflc.fr\/\">EFLC<\/a>) gr\u00e2ce \u00e0 laquelle j&rsquo;ai acquis les comp\u00e9tences qui font de moi le professionnel que je suis aujourd\u2019hui. <br><br>Je peux, aujourd&rsquo;hui, \u00e0 travers les diff\u00e9rentes pratiques que j&rsquo;ai pu observer et appliquer, apporter une expertise avec la rigueur qui me caract\u00e9rise.<br><br><\/p>\n<\/div>\n\n\n\n<div class=\"wp-block-column is-layout-flow wp-block-column-is-layout-flow\">\n<h2 class=\"wp-block-heading has-neve-link-hover-color-color has-text-color\" style=\"font-size:30px\"><\/h2>\n\n\n\n<figure class=\"wp-block-image size-large is-resized is-style-default\"><img loading=\"lazy\" decoding=\"async\" width=\"1024\" height=\"947\" src=\"https:\/\/aurelienberoud.com\/wp-content\/uploads\/2023\/07\/books-g21df1e7ff_1920-1024x947.jpg\" alt=\"\" class=\"wp-image-1767\" style=\"width:512px;height:474px\" srcset=\"https:\/\/aurelienberoud.com\/wp-content\/uploads\/2023\/07\/books-g21df1e7ff_1920-1024x947.jpg 1024w, https:\/\/aurelienberoud.com\/wp-content\/uploads\/2023\/07\/books-g21df1e7ff_1920-300x277.jpg 300w, https:\/\/aurelienberoud.com\/wp-content\/uploads\/2023\/07\/books-g21df1e7ff_1920-768x710.jpg 768w, https:\/\/aurelienberoud.com\/wp-content\/uploads\/2023\/07\/books-g21df1e7ff_1920-1536x1420.jpg 1536w, https:\/\/aurelienberoud.com\/wp-content\/uploads\/2023\/07\/books-g21df1e7ff_1920.jpg 1920w\" sizes=\"auto, (max-width: 1024px) 100vw, 1024px\" \/><\/figure>\n<\/div>\n<\/div>\n<\/div>\n<\/div><\/div>\n<\/div><\/div>\n","protected":false},"excerpt":{"rendered":"","protected":false},"author":1,"featured_media":0,"parent":0,"menu_order":0,"comment_status":"closed","ping_status":"closed","template":"","meta":{"_themeisle_gutenberg_block_has_review":false,"footnotes":""},"class_list":["post-1828","page","type-page","status-publish","hentry"],"_links":{"self":[{"href":"https:\/\/aurelienberoud.com\/index.php\/wp-json\/wp\/v2\/pages\/1828","targetHints":{"allow":["GET"]}}],"collection":[{"href":"https:\/\/aurelienberoud.com\/index.php\/wp-json\/wp\/v2\/pages"}],"about":[{"href":"https:\/\/aurelienberoud.com\/index.php\/wp-json\/wp\/v2\/types\/page"}],"author":[{"embeddable":true,"href":"https:\/\/aurelienberoud.com\/index.php\/wp-json\/wp\/v2\/users\/1"}],"replies":[{"embeddable":true,"href":"https:\/\/aurelienberoud.com\/index.php\/wp-json\/wp\/v2\/comments?post=1828"}],"version-history":[{"count":24,"href":"https:\/\/aurelienberoud.com\/index.php\/wp-json\/wp\/v2\/pages\/1828\/revisions"}],"predecessor-version":[{"id":2578,"href":"https:\/\/aurelienberoud.com\/index.php\/wp-json\/wp\/v2\/pages\/1828\/revisions\/2578"}],"wp:attachment":[{"href":"https:\/\/aurelienberoud.com\/index.php\/wp-json\/wp\/v2\/media?parent=1828"}],"curies":[{"name":"wp","href":"https:\/\/api.w.org\/{rel}","templated":true}]}}