{"id":1499,"date":"2022-11-25T16:33:51","date_gmt":"2022-11-25T15:33:51","guid":{"rendered":"https:\/\/aurelienberoud.com\/?page_id=1499"},"modified":"2024-03-24T17:06:36","modified_gmt":"2024-03-24T16:06:36","slug":"preparation-de-copie","status":"publish","type":"page","link":"https:\/\/aurelienberoud.com\/index.php\/preparation-de-copie\/","title":{"rendered":""},"content":{"rendered":"\n<div class=\"wp-block-group\"><div class=\"wp-block-group__inner-container is-layout-constrained wp-block-group-is-layout-constrained\">\n<div id=\"pr\u00e9paration-de-copie\" class=\"wp-block-themeisle-blocks-advanced-columns alignwide has-1-columns has-desktop-equal-layout has-tablet-equal-layout has-mobile-equal-layout has-vertical-top ticss-44db9efa\"><div class=\"wp-block-themeisle-blocks-advanced-columns-overlay\"><\/div><div class=\"innerblocks-wrap\">\n<div id=\"wp-block-themeisle-blocks-advanced-column-8e2860f6\" class=\"wp-block-themeisle-blocks-advanced-column ticss-265d4ca0\">\n<h1 class=\"wp-block-heading alignfull has-text-align-center o-typing-delay-100ms has-text-color\" style=\"color:#2c5b24;font-size:50px\"><strong><o-anim-typing>La pr\u00e9paration de copie<\/o-anim-typing><\/strong><\/h1>\n\n\n\n<div style=\"height:20px\" aria-hidden=\"true\" class=\"wp-block-spacer\"><\/div>\n\n\n\n<p class=\"has-text-align-center has-neve-link-color-color has-text-color\" style=\"font-size:15px\">Dans la cha\u00eene \u00e9ditoriale, le terme de \u00ab <strong>pr\u00e9paration de copie<\/strong> \u00bb correspond au moment o\u00f9 l&rsquo;on passe d&rsquo;un manuscrit \u00e0 un document sous sa <strong>forme d\u00e9finitive<\/strong>, parfaitement au point et pr\u00eat \u00e0 \u00eatre maquett\u00e9. Pour arriver \u00e0 ce r\u00e9sultat votre texte subit plusieurs formes de v\u00e9rification.<\/p>\n\n\n\n<div style=\"height:50px\" aria-hidden=\"true\" class=\"wp-block-spacer\"><\/div>\n\n\n\n<div class=\"wp-block-columns alignfull is-layout-flex wp-container-core-columns-is-layout-9d6595d7 wp-block-columns-is-layout-flex\">\n<div class=\"wp-block-column is-layout-flow wp-block-column-is-layout-flow\">\n<h1 class=\"wp-block-heading alignfull has-text-align-left has-text-color\" style=\"color:#2c5b24;font-size:22px\"><strong>POUR QUI ?<\/strong><\/h1>\n\n\n\n<p class=\"has-text-align-left\" style=\"font-size:15px\">Vous \u00eates une maison d&rsquo;\u00e9dition ou un auteur auto-\u00e9dit\u00e9s ? <br>Vous avez \u00e9crit un roman, un recueil de nouvelles ou de po\u00e9sies et vous souhaitez une relecture professionnelle avant publication ?<br><mark style=\"background-color:rgba(0, 0, 0, 0);color:#2c5b24\" class=\"has-inline-color\">\u279c<\/mark> La pr\u00e9paration de copie est <strong>faite pour vous<\/strong>. <\/p>\n\n\n\n<div style=\"height:50px\" aria-hidden=\"true\" class=\"wp-block-spacer\"><\/div>\n\n\n\n<h1 class=\"wp-block-heading alignfull has-text-align-left has-text-color\" style=\"color:#2c5b24;font-size:22px\"><strong>INFOS EN +<\/strong><\/h1>\n\n\n\n<p style=\"font-size:15px\"><mark style=\"background-color:rgba(0, 0, 0, 0);color:#2c5b24\" class=\"has-inline-color\">\u279c<\/mark> Les r\u00e8gles typographiques appliqu\u00e9es par d\u00e9faut sont celles pr\u00e9conis\u00e9es par le <em>Lexique des r\u00e8gles typographiques en usage \u00e0 l&rsquo;imprimerie nationale<\/em>.<br>En cas de marche maison, desiderata particuliers (ou tout autre charte typographique) n&rsquo;oubliez pas de me le signaler et de me les transmettre avec votre document.<\/p>\n\n\n\n<div style=\"height:50px\" aria-hidden=\"true\" class=\"wp-block-spacer\"><\/div>\n\n\n\n<h1 class=\"wp-block-heading alignfull has-text-align-left has-text-color\" style=\"color:#2c5b24;font-size:22px\"><strong>TARIFS<\/strong><\/h1>\n\n\n\n<p style=\"font-size:15px\"><strong>23 \u20ac \/ 8 000 signes<\/strong> (SEC<strong>*<\/strong>)<br>soit 144,00 \u20ac pour 50 000 signes.<br><br>Relecture du BAT int\u00e9gr\u00e9e dans la pr\u00e9paration de copie des manuscrits de + de 50 000 signes.<\/p>\n\n\n\n<p style=\"font-size:12px\"><strong>*SEC<\/strong> =Signes espaces comprises<\/p>\n<\/div>\n\n\n\n<div class=\"wp-block-column is-layout-flow wp-block-column-is-layout-flow\" style=\"flex-basis:30px\"><\/div>\n\n\n\n<div class=\"wp-block-column is-layout-flow wp-block-column-is-layout-flow\">\n<h1 class=\"wp-block-heading alignfull has-text-align-left has-text-color\" style=\"color:#2c5b24;font-size:22px\"><strong>PRESTATION<\/strong><\/h1>\n\n\n\n<p class=\"has-neve-link-color-color has-text-color\" style=\"font-size:15px\"><mark style=\"background-color:rgba(0, 0, 0, 0);color:#2c5b24\" class=\"has-inline-color\">\u279c<\/mark>  <strong>CORRECTION DES FAUTES D&rsquo;ORTHOGRAPHE, DE GRAMMAIRE ET DE CONJUGAISON :<\/strong><br>&#8211; Erreurs de ponctuation<br>&#8211; Accords en genre et en nombre<br>&#8211; Concordance des temps<br>&#8211; Accent<br>&#8211; Faute de frappe ou d&rsquo;inattention<br>&#8211; Oubli de mots ou r\u00e9p\u00e9tition<br><br><mark style=\"background-color:rgba(0, 0, 0, 0);color:#2c5b24\" class=\"has-inline-color\">\u279c<\/mark>  <strong>CORRECTION ORTHOTYPOGRAPHIQUE :<\/strong><br>&#8211; Unification des choix typographiques et r\u00e9dactionnels (notes, paginations, etc.)<br>&#8211; Bas de casse et capital<br>&#8211; Respect des espacements<br>&#8211; Pr\u00e9sentation des dialogues<br>&#8211; Gras ou italique<br>&#8211; \u00c9criture des nombres<br>&#8211; Coupure de mots<br>&#8211; Encha\u00eenement des paragraphes, etc.<br><br><mark style=\"background-color:rgba(0, 0, 0, 0);color:#2c5b24\" class=\"has-inline-color\">\u279c<\/mark>  <strong>CORRECTION LINGUISTIQUE ET STYLISTIQUE :<\/strong><br>&#8211; Suppression des lourdeurs<br>&#8211; Traque des pl\u00e9onasmes, barbarismes et anglicismes<br>&#8211; Suppression des r\u00e9p\u00e9titions<br>&#8211; Pointage des verbes ternes, des expressions fautives ou inappropri\u00e9es.<br>&#8211; D\u00e9coupage des phrases trop longues<br>&#8211; Am\u00e9lioration des tournures<br>&#8211; Proposition de reformulations pour les tournures maladroites<br><br><mark style=\"background-color:rgba(0, 0, 0, 0);color:#2c5b24\" class=\"has-inline-color\">\u279c<\/mark>  <strong>LECTURE CRITIQUE DU R\u00c9CIT :<\/strong><br>&#8211; Mise en \u00e9vidence des contradictions et signalement des incoh\u00e9rences (temporalit\u00e9, lieux, personnages, etc.)<br><br><mark style=\"background-color:rgba(0, 0, 0, 0);color:#2c5b24\" class=\"has-inline-color\">\u279c<\/mark>  <strong>RECHERCHES ET V\u00c9RIFICATION :<\/strong><br>&#8211; Des noms de lieux<br>&#8211; Des dates<br>&#8211; Des noms propres<br>&#8211; Des faits historiques, etc.<\/p>\n<\/div>\n<\/div>\n\n\n\n<p class=\"has-text-align-center\" style=\"font-size:15px\">Sous Word et PDF, je fonctionne avec le suivi de modification et les commentaires. Pour le format papier, j&rsquo;utilise les signes de correction. Pour ces travaux, je joins une fiche de pr\u00e9paration de copie listant les choix typographiques, les unifications, etc., selon les besoins du contenu.<br><\/p>\n<\/div>\n<\/div><\/div>\n<\/div><\/div>\n","protected":false},"excerpt":{"rendered":"","protected":false},"author":1,"featured_media":0,"parent":0,"menu_order":0,"comment_status":"closed","ping_status":"closed","template":"","meta":{"_themeisle_gutenberg_block_has_review":false,"footnotes":""},"class_list":["post-1499","page","type-page","status-publish","hentry"],"_links":{"self":[{"href":"https:\/\/aurelienberoud.com\/index.php\/wp-json\/wp\/v2\/pages\/1499","targetHints":{"allow":["GET"]}}],"collection":[{"href":"https:\/\/aurelienberoud.com\/index.php\/wp-json\/wp\/v2\/pages"}],"about":[{"href":"https:\/\/aurelienberoud.com\/index.php\/wp-json\/wp\/v2\/types\/page"}],"author":[{"embeddable":true,"href":"https:\/\/aurelienberoud.com\/index.php\/wp-json\/wp\/v2\/users\/1"}],"replies":[{"embeddable":true,"href":"https:\/\/aurelienberoud.com\/index.php\/wp-json\/wp\/v2\/comments?post=1499"}],"version-history":[{"count":63,"href":"https:\/\/aurelienberoud.com\/index.php\/wp-json\/wp\/v2\/pages\/1499\/revisions"}],"predecessor-version":[{"id":2543,"href":"https:\/\/aurelienberoud.com\/index.php\/wp-json\/wp\/v2\/pages\/1499\/revisions\/2543"}],"wp:attachment":[{"href":"https:\/\/aurelienberoud.com\/index.php\/wp-json\/wp\/v2\/media?parent=1499"}],"curies":[{"name":"wp","href":"https:\/\/api.w.org\/{rel}","templated":true}]}}