{"id":1269,"date":"2022-11-20T12:32:10","date_gmt":"2022-11-20T11:32:10","guid":{"rendered":"https:\/\/aurelienberoud.com\/?page_id=1269"},"modified":"2024-03-23T08:30:03","modified_gmt":"2024-03-23T07:30:03","slug":"expertise-litteraire","status":"publish","type":"page","link":"https:\/\/aurelienberoud.com\/index.php\/expertise-litteraire\/","title":{"rendered":""},"content":{"rendered":"\n<div class=\"wp-block-group\"><div class=\"wp-block-group__inner-container is-layout-constrained wp-block-group-is-layout-constrained\">\n<div id=\"expertise-litteraire\" class=\"wp-block-themeisle-blocks-advanced-columns alignwide has-1-columns has-desktop-equal-layout has-tablet-equal-layout has-mobile-equal-layout has-vertical-top ticss-44db9efa\"><div class=\"wp-block-themeisle-blocks-advanced-columns-overlay\"><\/div><div class=\"innerblocks-wrap\">\n<div id=\"wp-block-themeisle-blocks-advanced-column-799b98b4\" class=\"wp-block-themeisle-blocks-advanced-column\">\n<h1 class=\"wp-block-heading alignfull has-text-align-center o-typing-delay-100ms has-text-color\" style=\"color:#968913;font-size:50px\"><strong><o-anim-typing>L<\/o-anim-typing>&lsquo;<o-anim-typing>expertise litt\u00e9raire<\/o-anim-typing><\/strong><\/h1>\n\n\n\n<div style=\"height:20px\" aria-hidden=\"true\" class=\"wp-block-spacer\"><\/div>\n\n\n\n<figure class=\"wp-block-table alignfull ticss-e824e071 is-style-stripes\" style=\"font-size:15px\"><table class=\"has-black-color has-text-color has-link-color has-fixed-layout\"><tbody><tr><td class=\"has-text-align-center\" data-align=\"center\"><em>\u00ab Mes personnages ont-ils assez d&rsquo;\u00e9paisseur ? \u00bb<\/em><\/td><td class=\"has-text-align-center\" data-align=\"center\"><em>\u00ab Mon histoire manque-t-elle de cr\u00e9dibilit\u00e9 ? \u00bb<\/em><\/td><td class=\"has-text-align-center\" data-align=\"center\"><em>\u00ab Le lecteur ressentira-t-il les \u00e9motions que je <\/em>s<em>ouhaite transmettre ? \u00bb<\/em><\/td><\/tr><\/tbody><\/table><\/figure>\n\n\n\n<div style=\"height:20px\" aria-hidden=\"true\" class=\"wp-block-spacer\"><\/div>\n\n\n\n<div class=\"wp-block-columns is-layout-flex wp-container-core-columns-is-layout-9d6595d7 wp-block-columns-is-layout-flex\">\n<div class=\"wp-block-column is-layout-flow wp-block-column-is-layout-flow\">\n<h1 class=\"wp-block-heading alignfull has-text-align-center o-typing-delay-100ms has-text-color\" style=\"color:#968913;font-size:22px\"><strong>POURQUOI ?<\/strong><\/h1>\n\n\n\n<p style=\"font-size:15px\">Il est normal de se poser des questions lorsque l&rsquo;on \u00e9crit et si vous en \u00eates l\u00e0, c&rsquo;est que <strong>vous \u00eates sur la bonne voie<\/strong> ! <br>Vous d\u00e9sirez toutefois <strong>aller encore plus loin<\/strong> dans votre r\u00e9flexion et l&rsquo;analyse de vos personnages, de votre univers et de vos \u00e9motions. Vous voulez <strong>approfondir votre \u00e9criture<\/strong> et savoir si votre style est fluide et si votre rythme est bon.<\/p>\n\n\n\n<div style=\"height:50px\" aria-hidden=\"true\" class=\"wp-block-spacer\"><\/div>\n\n\n\n<h1 class=\"wp-block-heading alignfull has-text-align-center o-typing-delay-100ms has-text-color\" style=\"color:#968913;font-size:22px\"><strong>QUOI ?<\/strong><\/h1>\n\n\n\n<p style=\"font-size:15px\">Il s&rsquo;agit d&rsquo;une <strong>lecture critique<\/strong> et <strong>argument\u00e9e<\/strong> sur le fond de l&rsquo;histoire, le<strong> d\u00e9roulement de l&rsquo;intrigue<\/strong>, le <strong>d\u00e9veloppement des personnages<\/strong>,etc., comme sur la forme (verbes ternes, justesse, maladresses). En m\u00ealant l&rsquo;analyse de votre manuscrit et la b\u00eata-lecture, cette prestation est pens\u00e9e pour vous apporter des <strong>conseils complets et bienveillants<\/strong>. <br><br>Elle comprend une note de lecture d\u00e9taill\u00e9e, l&rsquo;annotation de votre manuscrit et si besoin, d&rsquo;un entretien pour faire l&rsquo;analyse des pistes de r\u00e9flexions engag\u00e9es et des objectifs vis\u00e9s.<\/p>\n<\/div>\n\n\n\n<div class=\"wp-block-column is-layout-flow wp-block-column-is-layout-flow\">\n<h1 class=\"wp-block-heading alignfull has-text-align-center o-typing-delay-100ms has-text-color\" style=\"color:#968913;font-size:22px\"><strong>PRESTATION<\/strong><\/h1>\n\n\n\n<p style=\"font-size:15px\"><mark style=\"background-color:rgba(0, 0, 0, 0);color:#968913\" class=\"has-inline-color\">\u279c<\/mark> La <strong>note de lecture <\/strong>\u00e9tablit un diagnostic des atouts et des faiblesses de votre texte. Positive, bienveillante, claire et motivante, elle a pour but de proposer :<br>&#8211; un \u00e9tat des lieux de l\u00e0 o\u00f9 vous en \u00eates ;<br>&#8211; une r\u00e9ponse aux questionnements de l&rsquo;auteur ;<br>&#8211; un r\u00e9sum\u00e9 de la lecture qui permet de v\u00e9rifier ce que le lecteur a retenu ;<br>&#8211; un retour sur les personnages principaux (\u00e9motions, coh\u00e9rence, motivation, \u00e9volution).<br><br><mark style=\"background-color:rgba(0, 0, 0, 0);color:#968913\" class=\"has-inline-color\">\u279c<\/mark> L&rsquo;<strong>annotation de votre manuscrit<\/strong> offre un zoom sur :<br>&#8211; les moments forts ;<br>&#8211; les passages plus confus ;<br>&#8211; les points de rupture ;<br>&#8211; mon ressenti au fil de la lecture.<br><br>Vous restez ma\u00eetre de vote texte. Cependant l&rsquo;annotation du manuscrit permet de sugg\u00e9rer des pistes de travail, des id\u00e9es ou bien de soulever des questions pour vous permettre d&rsquo;avancer sur votre projet.<br> <br><mark style=\"background-color:rgba(0, 0, 0, 0);color:#968913\" class=\"has-inline-color\">\u279c<\/mark> La remise de la note de lecture et de l&rsquo;annotation est pr\u00e9alable \u00e0 l&rsquo;<strong>entretien<\/strong>. Vous pourrez donc me questionner et ensemble nous d\u00e9taillerons vos points forts et les points \u00e0 retravailler, les objectifs \u00e0 vous fixer, les points de vigilance et les pistes de travail.<br><br>L&rsquo;entretien n&rsquo;est disponible que dans la formule \u00ab <mark style=\"background-color:rgba(0, 0, 0, 0);color:#968913\" class=\"has-inline-color\">Optimale <\/mark>\u00bb.<\/p>\n<\/div>\n<\/div>\n\n\n\n<div style=\"height:50px\" aria-hidden=\"true\" class=\"wp-block-spacer\"><\/div>\n\n\n\n<div class=\"wp-block-columns alignfull is-layout-flex wp-container-core-columns-is-layout-9d6595d7 wp-block-columns-is-layout-flex\">\n<div class=\"wp-block-column is-layout-flow wp-block-column-is-layout-flow\">\n<h1 class=\"wp-block-heading has-text-align-center has-text-color\" style=\"color:#968913;font-size:22px\"><strong>FORMULE  \u00ab ESSENTIELLE \u00bb<\/strong><\/h1>\n\n\n\n<p style=\"font-size:15px\">Votre histoire est lue afin d&rsquo;identifier les <strong>points forts <\/strong>et \u00e0 l&rsquo;inverse, les<strong> principaux points<\/strong> sur lesquels vous devez vous <strong>retravailler<\/strong>. J&rsquo;analyse vos personnages, la coh\u00e9rence, la fluidit\u00e9 et la clart\u00e9 selon des crit\u00e8res de cr\u00e9dibilit\u00e9, de rythme, d&rsquo;\u00e9motion, d&rsquo;\u00e9volution et de chronologie.<br><br><mark style=\"background-color:rgba(0, 0, 0, 0);color:#968913\" class=\"has-inline-color\">\u279c<\/mark> Cette formule s&rsquo;adresse \u00e0 des auteurs qui souhaitent <strong>rapidement recueillir un avis global<\/strong> et des pistes \u00e0 approfondir.<\/p>\n<\/div>\n\n\n\n<div class=\"wp-block-column is-layout-flow wp-block-column-is-layout-flow\">\n<h1 class=\"wp-block-heading has-text-align-center has-text-color\" style=\"color:#968913;font-size:22px;text-transform:uppercase\"><mark style=\"background-color:rgba(0, 0, 0, 0);color:#968913\" class=\"has-inline-color\"><strong>formule \u00ab OPTIMALE\u00bb<\/strong><\/mark><\/h1>\n\n\n\n<p style=\"font-size:15px\">Avec cette formule plus pouss\u00e9e, je passe votre texte au peigne fin afin de vous soumettre un<strong> retour d&rsquo;exp\u00e9rience personnelle de lecture<\/strong>, de mettre en exergue <strong>le rythme<\/strong> et <strong>les questions que soul\u00e8vent votre intrigu<\/strong>e (\u00e9motions ressenties, hypoth\u00e8ses) et vous propose une<strong> analyse de la forme<\/strong> (justesse, verbes ternes, r\u00e9p\u00e9titions, maladresses, etc.) et du <strong>fond<\/strong> (univers, sc\u00e9nario, intrigue) avec des suggestions, des propositions de r\u00e9\u00e9criture.<br><br><mark style=\"background-color:rgba(0, 0, 0, 0);color:#968913\" class=\"has-inline-color\">L&rsquo;<strong>entretien<\/strong> est une prestation forfaitaire, que vous pouvez librement choisir d&rsquo;inclure dans votre formule.<\/mark><br><br><mark style=\"background-color:rgba(0, 0, 0, 0);color:#968913\" class=\"has-inline-color\">\u279c<\/mark> Id\u00e9al pour les auteurs qui veulent perfectionner leur texte et optimiser leur \u00e9criture.<\/p>\n<\/div>\n<\/div>\n\n\n\n<div style=\"height:100px\" aria-hidden=\"true\" class=\"wp-block-spacer\"><\/div>\n\n\n\n<div class=\"wp-block-columns alignfull is-layout-flex wp-container-core-columns-is-layout-9d6595d7 wp-block-columns-is-layout-flex\">\n<div class=\"wp-block-column is-layout-flow wp-block-column-is-layout-flow\">\n<h1 class=\"wp-block-heading has-text-align-center has-text-color\" style=\"color:#968913;font-size:22px\"><strong>TARIFS<\/strong><\/h1>\n\n\n\n<p style=\"font-size:15px\"><strong>0,003 \u20ac le mot<\/strong>,<br>soit 150 \u20ac les 50 000 mots.<\/p>\n<\/div>\n\n\n\n<div class=\"wp-block-column is-layout-flow wp-block-column-is-layout-flow\">\n<h1 class=\"wp-block-heading has-text-align-center has-text-color\" style=\"color:#968913;font-size:22px\"><strong>TARIFS<\/strong><\/h1>\n\n\n\n<p style=\"font-size:15px\"><strong>0,004 le mot<\/strong>,<br>soit 200 \u20ac les 50 000 mots.<\/p>\n<\/div>\n<\/div>\n\n\n\n<p style=\"font-size:15px\"><mark style=\"background-color:rgba(0, 0, 0, 0);color:#968913\" class=\"has-inline-color\">\u279c<\/mark> Prix d\u00e9gressif au-del\u00e0 de 50 000 mots atteint, \u00e0 partir de 100 000 mots.<br><mark style=\"background-color:rgba(0, 0, 0, 0);color:#968913\" class=\"has-inline-color\">\u279c<\/mark> Suppl\u00e9ment de 20 \u20ac pour la r\u00e9daction de la note de lecture, offert pour les commandes de plus de 50 000 mots.<\/p>\n\n\n\n<p class=\"has-text-align-center\" style=\"font-size:15px\"><br>Un tarif minimal de 20 \u20ac sera appliqu\u00e9 pour toute commande inf\u00e9rieure \u00e0 5 000 mots.<br><\/p>\n<\/div>\n<\/div><\/div>\n<\/div><\/div>\n","protected":false},"excerpt":{"rendered":"","protected":false},"author":1,"featured_media":0,"parent":0,"menu_order":0,"comment_status":"closed","ping_status":"closed","template":"","meta":{"_themeisle_gutenberg_block_has_review":false,"footnotes":""},"class_list":["post-1269","page","type-page","status-publish","hentry"],"_links":{"self":[{"href":"https:\/\/aurelienberoud.com\/index.php\/wp-json\/wp\/v2\/pages\/1269","targetHints":{"allow":["GET"]}}],"collection":[{"href":"https:\/\/aurelienberoud.com\/index.php\/wp-json\/wp\/v2\/pages"}],"about":[{"href":"https:\/\/aurelienberoud.com\/index.php\/wp-json\/wp\/v2\/types\/page"}],"author":[{"embeddable":true,"href":"https:\/\/aurelienberoud.com\/index.php\/wp-json\/wp\/v2\/users\/1"}],"replies":[{"embeddable":true,"href":"https:\/\/aurelienberoud.com\/index.php\/wp-json\/wp\/v2\/comments?post=1269"}],"version-history":[{"count":75,"href":"https:\/\/aurelienberoud.com\/index.php\/wp-json\/wp\/v2\/pages\/1269\/revisions"}],"predecessor-version":[{"id":2535,"href":"https:\/\/aurelienberoud.com\/index.php\/wp-json\/wp\/v2\/pages\/1269\/revisions\/2535"}],"wp:attachment":[{"href":"https:\/\/aurelienberoud.com\/index.php\/wp-json\/wp\/v2\/media?parent=1269"}],"curies":[{"name":"wp","href":"https:\/\/api.w.org\/{rel}","templated":true}]}}