{"id":1267,"date":"2022-11-20T12:31:46","date_gmt":"2022-11-20T11:31:46","guid":{"rendered":"https:\/\/aurelienberoud.com\/?page_id=1267"},"modified":"2025-01-27T16:02:30","modified_gmt":"2025-01-27T15:02:30","slug":"correction-d-epreuves","status":"publish","type":"page","link":"https:\/\/aurelienberoud.com\/index.php\/correction-d-epreuves\/","title":{"rendered":""},"content":{"rendered":"\n<div class=\"wp-block-group alignfull\"><div class=\"wp-block-group__inner-container is-layout-constrained wp-block-group-is-layout-constrained\">\n<div id=\"relecture-correction\" class=\"wp-block-themeisle-blocks-advanced-columns alignwide has-1-columns has-desktop-equal-layout has-tablet-equal-layout has-mobile-equal-layout has-vertical-top ticss-44db9efa\"><div class=\"wp-block-themeisle-blocks-advanced-columns-overlay\"><\/div><div class=\"innerblocks-wrap\">\n<div id=\"wp-block-themeisle-blocks-advanced-column-33d306ee\" class=\"wp-block-themeisle-blocks-advanced-column\">\n<h1 class=\"wp-block-heading alignfull has-text-align-center o-typing-delay-100ms has-text-color\" style=\"color:#c82626;font-size:50px;text-transform:none\"><strong><o-anim-typing>Correction d&rsquo;\u00e9preuves<\/o-anim-typing><\/strong><\/h1>\n\n\n\n<div class=\"wp-block-columns alignfull is-layout-flex wp-container-core-columns-is-layout-9d6595d7 wp-block-columns-is-layout-flex\">\n<div class=\"wp-block-column is-vertically-aligned-center is-layout-flow wp-block-column-is-layout-flow\">\n<h3 class=\"wp-block-heading has-text-align-center has-text-color has-link-color wp-elements-9b4699046cf354df771f6f6a76938715\" style=\"color:#2e2a2a;font-size:30px;font-style:normal;font-weight:700\"><strong>L&rsquo;\u00e9tape indispensable avant la diffusion !<\/strong><\/h3>\n<\/div>\n<\/div>\n\n\n\n<div style=\"height:20px\" aria-hidden=\"true\" class=\"wp-block-spacer\"><\/div>\n\n\n\n<p class=\"has-text-align-left has-text-color has-link-color wp-elements-b9fef313899687357766a9da6755f21b\" style=\"color:#2e2a2a;font-size:15px\"><strong>Tous les textes, quels qu&rsquo;ils soient, doivent \u00eatre corrig\u00e9s. <\/strong><br>\u00c0 force de les lire et de les relire, vous les connaissez par c\u0153ur et vous ne remarquez plus les possibles erreurs.<br>Il est important de faire relire son texte par un professionnel dont le regard sera neuf et avis\u00e9.<br><br>Je relis et corrige tout document r\u00e9dig\u00e9 en fran\u00e7ais (roman, essai, article de blog ou de presse, rapport, dossier, travaux universitaires, site internet, brochures d&rsquo;entreprise, discours, etc.).<br><br>Les deux formules qui suivent s&rsquo;imposent pour la correction de travaux contenant un nombre de pages important.<\/p>\n\n\n\n<div style=\"height:50px\" aria-hidden=\"true\" class=\"wp-block-spacer\"><\/div>\n\n\n\n<div class=\"wp-block-columns alignfull is-layout-flex wp-container-core-columns-is-layout-9d6595d7 wp-block-columns-is-layout-flex\">\n<div class=\"wp-block-column is-layout-flow wp-block-column-is-layout-flow\">\n<h1 class=\"wp-block-heading alignfull has-text-align-center has-text-color\" style=\"color:#c82626;font-size:22px\"><strong><strong>RELECTURE<\/strong><\/strong><\/h1>\n\n\n\n<p style=\"font-size:15px\">Cette prestation s&rsquo;adresse aux auteurs dont le manuscrit est d\u00e9j\u00e0 pass\u00e9 en correction. Le but de la relecture est d&rsquo;\u00e9liminer les derni\u00e8res coquilles et de v\u00e9rifier la bonne int\u00e9gration des corrections. <br><br>Je traque les derni\u00e8res fautes :<br><mark style=\"background-color:rgba(0, 0, 0, 0)\" class=\"has-inline-color has-nv-site-bg-color\"><mark style=\"background-color:rgba(0, 0, 0, 0);color:#c82626\" class=\"has-inline-color\">\u279c<\/mark><\/mark> d&rsquo;<strong>orthographe<\/strong>, de <strong>grammaire<\/strong>,<br><mark style=\"background-color:rgba(0, 0, 0, 0)\" class=\"has-inline-color has-nv-site-bg-color\"><mark style=\"background-color:rgba(0, 0, 0, 0);color:#c82626\" class=\"has-inline-color\">\u279c<\/mark><\/mark> de <strong>syntaxe<\/strong>,<br><mark style=\"background-color:rgba(0, 0, 0, 0)\" class=\"has-inline-color has-nv-site-bg-color\"><mark style=\"background-color:rgba(0, 0, 0, 0);color:#c82626\" class=\"has-inline-color\">\u279c<\/mark><\/mark> de <strong>concordances des temps<\/strong>, etc.<\/p>\n<\/div>\n\n\n\n<div class=\"wp-block-column is-layout-flow wp-block-column-is-layout-flow\">\n<h1 class=\"wp-block-heading alignfull has-text-align-center has-text-color\" style=\"color:#c82626;font-size:22px\"><strong><strong>CORREC<\/strong>TION D&rsquo;\u00c9PREUVES<\/strong><\/h1>\n\n\n\n<p style=\"font-size:15px\">Cette correction s&rsquo;adresse aux textes destin\u00e9s \u00e0 \u00eatre \u00e9dit\u00e9 ou soumis en maison d&rsquo;\u00e9dition.  Il s&rsquo;agit d&rsquo;une <strong>correction basique<\/strong> pour tout document \u00e9crit. <br><br>\u25ba Je traque les derni\u00e8res fautes&nbsp;:<br><mark style=\"background-color:rgba(0, 0, 0, 0)\" class=\"has-inline-color has-nv-site-bg-color\"><mark style=\"background-color:rgba(0, 0, 0, 0);color:#c82626\" class=\"has-inline-color\">\u279c<\/mark><\/mark> d&rsquo;<strong>orthographe<\/strong> ;<br><mark style=\"background-color:rgba(0, 0, 0, 0)\" class=\"has-inline-color has-nv-site-bg-color\"><mark style=\"background-color:rgba(0, 0, 0, 0);color:#c82626\" class=\"has-inline-color\">\u279c<\/mark><\/mark> de <strong>grammaire<\/strong> ;<br><mark style=\"background-color:rgba(0, 0, 0, 0)\" class=\"has-inline-color has-nv-site-bg-color\"><mark style=\"background-color:rgba(0, 0, 0, 0);color:#c82626\" class=\"has-inline-color\">\u279c<\/mark><\/mark> de <strong>syntaxe<\/strong> ;<br><mark style=\"background-color:rgba(0, 0, 0, 0)\" class=\"has-inline-color has-nv-site-bg-color\"><mark style=\"background-color:rgba(0, 0, 0, 0);color:#c82626\" class=\"has-inline-color\">\u279c<\/mark><\/mark> de <strong>concordances des temps<\/strong>, etc.<br><br>\u25ba Je porte une attention soutenue :<br><mark style=\"background-color:rgba(0, 0, 0, 0)\" class=\"has-inline-color has-nv-site-bg-color\"><mark style=\"background-color:rgba(0, 0, 0, 0);color:#c82626\" class=\"has-inline-color\">\u279c<\/mark><\/mark> aux <strong>pl\u00e9onasmes<\/strong> ;<br><mark style=\"background-color:rgba(0, 0, 0, 0)\" class=\"has-inline-color has-nv-site-bg-color\"><mark style=\"background-color:rgba(0, 0, 0, 0);color:#c82626\" class=\"has-inline-color\">\u279c<\/mark><\/mark> aux <strong>r\u00e9p\u00e9titions<\/strong> ; <br><mark style=\"background-color:rgba(0, 0, 0, 0)\" class=\"has-inline-color has-nv-site-bg-color\"><mark style=\"background-color:rgba(0, 0, 0, 0);color:#c82626\" class=\"has-inline-color\">\u279c<\/mark><\/mark> aux <strong>barbarismes<\/strong> ; <br><mark style=\"background-color:rgba(0, 0, 0, 0)\" class=\"has-inline-color has-nv-site-bg-color\"><mark style=\"background-color:rgba(0, 0, 0, 0);color:#c82626\" class=\"has-inline-color\">\u279c<\/mark><\/mark> aux <strong>redondances<\/strong> ;<br><mark style=\"background-color:rgba(0, 0, 0, 0);color:#c82626\" class=\"has-inline-color\">\u279c<\/mark> \u00e0 la <strong>clart\u00e9<\/strong> et \u00e0 la <strong>fluidit\u00e9 <\/strong>de votre \u00e9crit, en proposant, si besoin, une <strong>reformulation <\/strong>des tournures longues et maladroites.<br><br>\u25ba Je veille aussi :<br><mark style=\"background-color:rgba(0, 0, 0, 0);color:#c82626\" class=\"has-inline-color\">\u279c<\/mark> \u00e0 la <strong>coh\u00e9rence g\u00e9n\u00e9rale du texte<\/strong>, en vous soumettant des remarques s&rsquo;il y a pr\u00e9sence d&rsquo;anachronismes ou de contradictions ;<br><mark style=\"background-color:rgba(0, 0, 0, 0);color:#c82626\" class=\"has-inline-color\">\u279c<\/mark> \u00e0 l&rsquo;<strong>harmonisation de la mise en page<\/strong> du texte et des marges.<br><br>Je veille \u00e9galement <strong>au respect des r\u00e8gles typographiques<\/strong>.<\/p>\n<\/div>\n<\/div>\n\n\n\n<p style=\"font-size:15px\"> <br><\/p>\n\n\n\n<div class=\"wp-block-group alignfull is-nowrap is-layout-flex wp-container-core-group-is-layout-ad2f72ca wp-block-group-is-layout-flex\">\n<p style=\"font-size:15px\"><strong>Vous ne savez pas quel niveau choisir ?<\/strong><br>Apr\u00e8s l&rsquo;examen d&rsquo;un extrait de votre \u00e9crit, je serai en capacit\u00e9 de vous donner mon avis en toute honn\u00eatet\u00e9 et bienveillance.<br><\/p>\n\n\n\n<div class=\"wp-block-buttons is-horizontal is-content-justification-center is-layout-flex wp-container-core-buttons-is-layout-f8a2635c wp-block-buttons-is-layout-flex\">\n<div class=\"wp-block-button has-custom-width wp-block-button__width-75 is-style-default\"><a class=\"wp-block-button__link has-background wp-element-button\" href=\"https:\/\/aurelienberoud.com\/index.php\/contact\/\" style=\"border-radius:99px;background-color:#f8e0e0\"><img loading=\"lazy\" decoding=\"async\" width=\"70\" height=\"48\" class=\"wp-image-1539\" style=\"width: 70px;\" src=\"https:\/\/aurelienberoud.com\/wp-content\/uploads\/2022\/12\/icone-mail.png\" alt=\"\"><\/a><\/div>\n<\/div>\n<\/div>\n\n\n\n<div style=\"height:100px\" aria-hidden=\"true\" class=\"wp-block-spacer\"><\/div>\n\n\n\n<h1 class=\"wp-block-heading alignfull has-text-align-center has-text-color\" style=\"color:#c82626;font-size:22px\"><strong>TARIFS RELECTURE ET CORRECTION<\/strong><\/h1>\n\n\n\n<div style=\"height:20px\" aria-hidden=\"true\" class=\"wp-block-spacer\"><\/div>\n\n\n\n<p class=\"has-text-align-left ticss-c4fb6a99\" style=\"font-size:15px\"><strong>Manuscrits, m\u00e9moires, th\u00e8ses, dossiers scolaires, articles, notices, sites, etc., tous les types de textes sont corrig\u00e9s. <\/strong><br>Les \u00e9tudiants et les demandeurs d&#8217;emploi b\u00e9n\u00e9ficient d&rsquo;une remise de 10&nbsp;% sur les tarifs (sur pr\u00e9sentation d&rsquo;un justificatif).<strong><br><br><\/strong><mark style=\"background-color:rgba(0, 0, 0, 0)\" class=\"has-inline-color has-nv-site-bg-color\"><mark style=\"background-color:rgba(0, 0, 0, 0)\" class=\"has-inline-color has-nv-site-bg-color\"><mark style=\"background-color:rgba(0, 0, 0, 0);color:#c82626\" class=\"has-inline-color\">\u279c<\/mark><\/mark><\/mark><strong> Les tarifs sont donn\u00e9s \u00e0 titre indicatif mais ils peuvent varier apr\u00e8s l&rsquo;examen des extraits envoy\u00e9s.<\/strong><br><mark style=\"background-color:rgba(0, 0, 0, 0)\" class=\"has-inline-color has-nv-site-bg-color\"><mark style=\"background-color:rgba(0, 0, 0, 0)\" class=\"has-inline-color has-nv-site-bg-color\"><mark style=\"background-color:rgba(0, 0, 0, 0);color:#c82626\" class=\"has-inline-color\">\u279c<\/mark><\/mark><\/mark><strong> Pour les sites internet et les documents pour lesquels les mots et les signes ne sont pas quantifiables, un devis doit \u00eatre demand\u00e9.<\/strong><\/p>\n\n\n\n<div style=\"height:20px\" aria-hidden=\"true\" class=\"wp-block-spacer\"><\/div>\n\n\n\n<div class=\"wp-block-columns is-layout-flex wp-container-core-columns-is-layout-9d6595d7 wp-block-columns-is-layout-flex\">\n<div class=\"wp-block-column is-vertically-aligned-top is-layout-flow wp-block-column-is-layout-flow\">\n<h6 class=\"wp-block-heading alignfull has-text-align-center has-black-color has-text-color\" style=\"font-size:18px\"><strong>CORRECTION \ud83d\udd8d\ufe0f<\/strong><\/h6>\n\n\n\n<hr class=\"wp-block-separator alignwide has-alpha-channel-opacity is-style-default\"\/>\n\n\n\n<p class=\"has-text-align-center ticss-c4fb6a99\" style=\"font-size:15px\"><mark style=\"background-color:rgba(0, 0, 0, 0)\" class=\"has-inline-color has-nv-site-bg-color\"><mark style=\"background-color:rgba(0, 0, 0, 0);color:#c82626\" class=\"has-inline-color\">\u279c<\/mark><\/mark> <strong>Correction<\/strong> <br><strong>2,88 \u20ac \/ 1 000 signes<\/strong> (SEC*)<br>soit 143,75 \u20ac pour 50 000 signes.<\/p>\n\n\n\n<p class=\"has-text-align-center ticss-c4fb6a99\" style=\"font-size:12px\"><strong>*SEC<\/strong> = Signes espaces comprises<\/p>\n<\/div>\n\n\n\n<div class=\"wp-block-column is-layout-flow wp-block-column-is-layout-flow\">\n<h6 class=\"wp-block-heading alignfull has-text-align-center has-black-color has-text-color\" style=\"font-size:18px\"><strong>RELECTURE<\/strong> \ud83d\udd0e<\/h6>\n\n\n\n<hr class=\"wp-block-separator alignwide has-alpha-channel-opacity is-style-default\"\/>\n\n\n\n<p class=\"has-text-align-center ticss-c4fb6a99\" style=\"font-size:15px\"><strong>1,60 \u20ac \/ 1 000 signes<\/strong> (SEC*)<br>soit 80,00 \u20ac pour 50 000 signes.<\/p>\n<\/div>\n\n\n\n<div class=\"wp-block-column is-layout-flow wp-block-column-is-layout-flow\">\n<h6 class=\"wp-block-heading alignfull has-text-align-center has-black-color has-text-color\" style=\"font-size:18px\"><strong>FORFAIT<\/strong> \ud83d\uddd3\ufe0f<\/h6>\n\n\n\n<hr class=\"wp-block-separator alignwide has-alpha-channel-opacity is-style-default\"\/>\n\n\n\n<p class=\"has-text-align-center ticss-c4fb6a99\" style=\"font-size:15px\"><mark style=\"background-color:rgba(0, 0, 0, 0)\" class=\"has-inline-color has-nv-site-bg-color\"><mark style=\"background-color:rgba(0, 0, 0, 0);color:#c82626\" class=\"has-inline-color\">\u279c<\/mark><\/mark> Correction et relecture (r\u00e9vision des corrections apport\u00e9es par l&rsquo;auteur apr\u00e8s la correction)<br><strong>Tarif de la correction \/ 1000 signes<\/strong> <strong>+ 1,3 \u20ac \/ 1000 signes de relecture<\/strong><br><br><mark style=\"background-color:rgba(0, 0, 0, 0)\" class=\"has-inline-color has-nv-site-bg-color\"><mark style=\"background-color:rgba(0, 0, 0, 0);color:#c82626\" class=\"has-inline-color\">\u279c<\/mark><\/mark> Un forfait r\u00e9serv\u00e9 aux personnes qui auraient besoin d&rsquo;une correction r\u00e9guli\u00e8re sur des textes courts est \u00e9galement possible.<br><br>Tarif au nombre de signes par mois<br><br><br><mark style=\"background-color:rgba(0, 0, 0, 0)\" class=\"has-inline-color has-nv-site-bg-color\"><mark style=\"background-color:rgba(0, 0, 0, 0);color:#c82626\" class=\"has-inline-color\">\u279c<\/mark><\/mark> <strong><a href=\"https:\/\/aurelienberoud.com\/index.php\/contact\/\"><mark style=\"background-color:rgba(0, 0, 0, 0)\" class=\"has-inline-color has-black-color\">Sur devis<\/mark><\/a><\/strong><br><\/p>\n<\/div>\n<\/div>\n\n\n\n<p style=\"font-size:15px\">Un tarif d\u00e9gressif de 25 \u20ac est appliqu\u00e9 \u00e0 chaque palier de 50 000 signes atteint, \u00e0 partir de 100 000 signes.<br><strong>Tarif \u00e9tudiant :<\/strong> &#8211; 20 % sur pr\u00e9sentation d&rsquo;un justificatif.<br><strong>Tarif AE :<\/strong> &#8211; 15 % pour les auteurs auto\u00e9dit\u00e9s ayant d\u00e9j\u00e0 fait appel \u00e0 mes services.<\/p>\n\n\n\n<div style=\"height:70px\" aria-hidden=\"true\" class=\"wp-block-spacer\"><\/div>\n\n\n\n<h1 class=\"wp-block-heading alignfull has-text-align-center has-text-color\" style=\"color:#c82626;font-size:22px\"><strong>TARIFS R\u00c9DACTION<\/strong><\/h1>\n\n\n\n<div style=\"height:20px\" aria-hidden=\"true\" class=\"wp-block-spacer\"><\/div>\n\n\n\n<div class=\"wp-block-columns is-layout-flex wp-container-core-columns-is-layout-9d6595d7 wp-block-columns-is-layout-flex\">\n<div class=\"wp-block-column is-layout-flow wp-block-column-is-layout-flow\">\n<h6 class=\"wp-block-heading alignfull has-text-align-center has-black-color has-text-color\" style=\"font-size:18px\"><strong>CORRESPONDANCE<\/strong> \u2709\ufe0f<\/h6>\n\n\n\n<hr class=\"wp-block-separator alignwide has-alpha-channel-opacity is-style-default\"\/>\n\n\n\n<p class=\"has-text-align-center ticss-c4fb6a99\" style=\"font-size:15px\"><mark style=\"background-color:rgba(0, 0, 0, 0)\" class=\"has-inline-color has-nv-site-bg-color\"><mark style=\"background-color:rgba(0, 0, 0, 0);color:#c82626\" class=\"has-inline-color\">\u279c<\/mark><\/mark> Courrier personnel : <br><strong>15,00&nbsp;\u20ac<\/strong><br><br><mark style=\"background-color:rgba(0, 0, 0, 0)\" class=\"has-inline-color has-nv-site-bg-color\"><mark style=\"background-color:rgba(0, 0, 0, 0);color:#c82626\" class=\"has-inline-color\">\u279c<\/mark><\/mark> Courrier administratif :<br><strong>20,00&nbsp;\u20ac<\/strong><br><br><mark style=\"background-color:rgba(0, 0, 0, 0)\" class=\"has-inline-color has-nv-site-bg-color\"><mark style=\"background-color:rgba(0, 0, 0, 0);color:#c82626\" class=\"has-inline-color\">\u279c<\/mark><\/mark> Courrier professionnel :<br><strong>20,00&nbsp;\u20ac<\/strong><br><\/p>\n<\/div>\n\n\n\n<div class=\"wp-block-column is-layout-flow wp-block-column-is-layout-flow\">\n<h6 class=\"wp-block-heading alignfull has-text-align-center has-black-color has-text-color\" style=\"font-size:18px\"><strong>EMPLOI<\/strong> \u270d\ud83c\udffc<\/h6>\n\n\n\n<hr class=\"wp-block-separator alignwide has-alpha-channel-opacity is-style-default\"\/>\n\n\n\n<p class=\"has-text-align-center ticss-c4fb6a99\" style=\"font-size:15px\"><mark style=\"background-color:rgba(0, 0, 0, 0)\" class=\"has-inline-color has-nv-site-bg-color\"><mark style=\"background-color:rgba(0, 0, 0, 0);color:#c82626\" class=\"has-inline-color\">\u279c<\/mark><\/mark> Cr\u00e9ation CV : <br><strong>30,00&nbsp;\u20ac<\/strong><br><br><mark style=\"background-color:rgba(0, 0, 0, 0)\" class=\"has-inline-color has-nv-site-bg-color\"><mark style=\"background-color:rgba(0, 0, 0, 0);color:#c82626\" class=\"has-inline-color\">\u279c<\/mark><\/mark> Lettre de motivation :<br><strong>20,00&nbsp;\u20ac<\/strong><br><br><mark style=\"background-color:rgba(0, 0, 0, 0)\" class=\"has-inline-color has-nv-site-bg-color\"><mark style=\"background-color:rgba(0, 0, 0, 0);color:#c82626\" class=\"has-inline-color\">\u279c<\/mark><\/mark> CV + lettre de motivation :<br><strong>40,00&nbsp;\u20ac<\/strong><br><\/p>\n<\/div>\n\n\n\n<div class=\"wp-block-column is-layout-flow wp-block-column-is-layout-flow\">\n<h6 class=\"wp-block-heading alignfull has-text-align-center has-black-color has-text-color\" style=\"font-size:18px\"><strong>COMMUNICATION<\/strong> \ud83d\udd8b\ufe0f<\/h6>\n\n\n\n<hr class=\"wp-block-separator alignwide has-alpha-channel-opacity is-style-default\"\/>\n\n\n\n<p class=\"has-text-align-center ticss-c4fb6a99\" style=\"font-size:15px\">Plaquette promotionnelle ou flyers.<br>Cette prestation est unique et d\u00e9pend de nombreux facteurs.<br> <br><mark style=\"background-color:rgba(0, 0, 0, 0)\" class=\"has-inline-color has-nv-site-bg-color\"><mark style=\"background-color:rgba(0, 0, 0, 0);color:#c82626\" class=\"has-inline-color\">\u279c<\/mark><\/mark> <strong><a href=\"https:\/\/aurelienberoud.com\/index.php\/contact\/\"><mark style=\"background-color:rgba(0, 0, 0, 0)\" class=\"has-inline-color has-black-color\">Devis sur demande<\/mark><\/a><\/strong><br><br><br><\/p>\n<\/div>\n\n\n\n<div class=\"wp-block-column is-layout-flow wp-block-column-is-layout-flow\">\n<h6 class=\"wp-block-heading alignfull has-text-align-center has-black-color has-text-color\" style=\"font-size:18px\"><strong>AUTRE DEMANDE<\/strong> \ud83d\udca1<\/h6>\n\n\n\n<hr class=\"wp-block-separator alignwide has-alpha-channel-opacity is-style-default\"\/>\n\n\n\n<p class=\"has-text-align-center ticss-c4fb6a99\" style=\"font-size:15px\"><mark style=\"background-color:rgba(0, 0, 0, 0)\" class=\"has-inline-color has-nv-site-bg-color\"><mark style=\"background-color:rgba(0, 0, 0, 0);color:#c82626\" class=\"has-inline-color\">\u279c<\/mark><\/mark> <strong><a href=\"https:\/\/aurelienberoud.com\/index.php\/contact\/\"><mark style=\"background-color:rgba(0, 0, 0, 0)\" class=\"has-inline-color has-black-color\">Sur devis<\/mark><\/a><\/strong><br><\/p>\n<\/div>\n<\/div>\n\n\n\n<p class=\"has-text-align-center ticss-c4fb6a99\" style=\"font-size:15px\"><mark style=\"background-color:rgba(0, 0, 0, 0)\" class=\"has-inline-color has-nv-site-bg-color\"><mark style=\"background-color:rgba(0, 0, 0, 0)\" class=\"has-inline-color has-nv-site-bg-color\"><mark style=\"background-color:rgba(0, 0, 0, 0);color:#c82626\" class=\"has-inline-color\">\u279c<\/mark><\/mark><\/mark> Possibilit\u00e9 de devis <strong>sur mesure<\/strong> en fonction de vos besoins.<br><\/p>\n<\/div>\n<\/div><\/div>\n<\/div><\/div>\n","protected":false},"excerpt":{"rendered":"","protected":false},"author":1,"featured_media":0,"parent":0,"menu_order":0,"comment_status":"closed","ping_status":"closed","template":"","meta":{"_themeisle_gutenberg_block_has_review":false,"footnotes":""},"class_list":["post-1267","page","type-page","status-publish","hentry"],"_links":{"self":[{"href":"https:\/\/aurelienberoud.com\/index.php\/wp-json\/wp\/v2\/pages\/1267","targetHints":{"allow":["GET"]}}],"collection":[{"href":"https:\/\/aurelienberoud.com\/index.php\/wp-json\/wp\/v2\/pages"}],"about":[{"href":"https:\/\/aurelienberoud.com\/index.php\/wp-json\/wp\/v2\/types\/page"}],"author":[{"embeddable":true,"href":"https:\/\/aurelienberoud.com\/index.php\/wp-json\/wp\/v2\/users\/1"}],"replies":[{"embeddable":true,"href":"https:\/\/aurelienberoud.com\/index.php\/wp-json\/wp\/v2\/comments?post=1267"}],"version-history":[{"count":350,"href":"https:\/\/aurelienberoud.com\/index.php\/wp-json\/wp\/v2\/pages\/1267\/revisions"}],"predecessor-version":[{"id":2604,"href":"https:\/\/aurelienberoud.com\/index.php\/wp-json\/wp\/v2\/pages\/1267\/revisions\/2604"}],"wp:attachment":[{"href":"https:\/\/aurelienberoud.com\/index.php\/wp-json\/wp\/v2\/media?parent=1267"}],"curies":[{"name":"wp","href":"https:\/\/api.w.org\/{rel}","templated":true}]}}